{"id":29084,"date":"2025-10-07T08:44:08","date_gmt":"2025-10-07T08:44:08","guid":{"rendered":"https:\/\/www.pieve-aldina.fontenille-collection.com\/?page_id=29084"},"modified":"2025-10-07T18:11:56","modified_gmt":"2025-10-07T18:11:56","slug":"legal-notice","status":"publish","type":"page","link":"https:\/\/www.pieve-aldina.fontenille-collection.com\/en\/legal-notice\/","title":{"rendered":"Terms of use"},"content":{"rendered":"<div data-elementor-type=\"wp-page\" data-elementor-id=\"29084\" class=\"elementor elementor-29084\" data-elementor-settings=\"{&quot;asli_hide_title_disabled&quot;:&quot;yes&quot;}\" data-elementor-post-type=\"page\">\n\t\t\t\t<div class=\"elementor-element elementor-element-99589b2 e-flex e-con-boxed pt-xlarge px-gutters-horizontal e-con e-parent\" data-id=\"99589b2\" data-element_type=\"container\" data-e-type=\"container\" data-settings=\"{&quot;background_background&quot;:&quot;classic&quot;}\">\n\t\t\t\t\t<div class=\"e-con-inner\">\n\t\t\t\t<div class=\"elementor-element elementor-element-16f74bce elementor-widget elementor-widget-text-editor\" data-id=\"16f74bce\" data-element_type=\"widget\" data-e-type=\"widget\" data-widget_type=\"text-editor.default\">\n\t\t\t\t<div class=\"elementor-widget-container\">\n\t\t\t\t\t\t\t\t\t<h2>Terms of use<\/h2><p><!-- \/wp:heading --><!-- wp:paragraph --><\/p><p><b>Our website: https:pieve-aldina.com<\/b><\/p><p><!-- \/wp:paragraph --><!-- wp:heading --><!-- \/wp:heading --><!-- wp:paragraph --><\/p><p><strong>Company :<\/strong> Les Domaines de Fontenille SAS<\/p><p><strong>Head office : <\/strong>Domaine de Fontenille 84360 Lauris<\/p><p>Contact address and secondary establishment: 9 avenue de l'Op\u00e9ra 75001 Paris<\/p><p>contact@fontenillecollection.com<\/p><p><strong>SIREN<\/strong> <strong>:<\/strong> 798 361 184<\/p><p><strong>VAT<\/strong> <strong>:<\/strong> FR13 798361184<\/p><p><strong>Share capital<\/strong> <strong>:<\/strong> 94,626,400 EUR<\/p><p><strong>Purpose of the site<\/strong> <strong>:<\/strong> Promoting the company<\/p><p><strong>Director of publication:<\/strong> Fr\u00e9d\u00e9ric Biousse<\/p><p><strong>Editorial manager :<\/strong> Fr\u00e9d\u00e9ric Biousse<\/p><p><strong>Web master, design :<\/strong> Driver<\/p><p><strong>Hosted by : <\/strong>O2SWITCH, a simplified joint stock company, registered in the Clermont-Ferrand Trade and Companies Register under number 510 909 807, whose registered office is Chemin des Pardiaux, 63000 Clermont-Ferrand, France.<\/p><p><strong>Owner of the photographs, images and texts :<\/strong> Les Domaines de Fontenille SAS<\/p><p><strong>The site features :<\/strong> informative content<\/p><p><strong>Collection of personal data online :<\/strong> see Privacy Policy.<\/p><p><strong>Data Protection Act :<\/strong> the site has been registered with the Commission Nationale Informatique et Libert\u00e9. You have the right to access, modify, rectify and delete data concerning you (art. 34 of the French Data Protection Act). To exercise this right, please contact: contact@fontenillecollection.com<\/p><p><strong>Ownership:<\/strong> The site and the information it contains are protected by French intellectual property law and international conventions. Except for use within the family circle or for private purposes, the site and no part of its content may be reproduced, republished, retranscribed, modified or retransmitted without the prior authorization of the rightful owners.<\/p><p><!-- \/wp:paragraph --><\/p>\t\t\t\t\t\t\t\t<\/div>\n\t\t\t\t<\/div>\n\t\t\t\t\t<\/div>\n\t\t\t\t<\/div>\n\t\t\t\t<\/div>","protected":false},"excerpt":{"rendered":"<p>Mentions L\u00e9gales Notre site web : https:pieve-aldina.com Soci\u00e9t\u00e9 : Les Domaines de Fontenille SAS Si\u00e8ge social : Domaine de Fontenille 84360 Lauris Adresse de contact et \u00e9tablissement secondaire : 9 avenue de l\u2019Op\u00e9ra 75001 Paris contact@fontenillecollection.com SIREN : 798 361 184 TVA : FR13 798361184 Capital social : 94 626 400 EUR Objet du site [&hellip;]<\/p>\n","protected":false},"author":6,"featured_media":0,"parent":0,"menu_order":0,"comment_status":"closed","ping_status":"closed","template":"","meta":{"_acf_changed":false,"footnotes":""},"class_list":["post-29084","page","type-page","status-publish","hentry"],"acf":[],"yoast_head":"<!-- This site is optimized with the Yoast SEO plugin v27.5 - https:\/\/yoast.com\/product\/yoast-seo-wordpress\/ -->\n<title>Mentions L\u00e9gales - Pieve Aldina | H\u00f4tel, Restaurant, Spa &amp; Jardins en Toscane<\/title>\n<meta name=\"robots\" content=\"index, follow, max-snippet:-1, max-image-preview:large, max-video-preview:-1\" \/>\n<link rel=\"canonical\" href=\"https:\/\/www.pieve-aldina.fontenille-collection.com\/en\/legal-notice\/\" \/>\n<meta property=\"og:locale\" content=\"en_US\" \/>\n<meta property=\"og:type\" content=\"article\" \/>\n<meta property=\"og:title\" content=\"Mentions L\u00e9gales - Pieve Aldina | H\u00f4tel, Restaurant, Spa &amp; Jardins en Toscane\" \/>\n<meta property=\"og:description\" content=\"Mentions L\u00e9gales Notre site web : https:pieve-aldina.com Soci\u00e9t\u00e9 : Les Domaines de Fontenille SAS Si\u00e8ge social : Domaine de Fontenille 84360 Lauris Adresse de contact et \u00e9tablissement secondaire : 9 avenue de l\u2019Op\u00e9ra 75001 Paris contact@fontenillecollection.com SIREN : 798 361 184 TVA : FR13 798361184 Capital social : 94 626 400 EUR Objet du site [&hellip;]\" \/>\n<meta property=\"og:url\" content=\"https:\/\/www.pieve-aldina.fontenille-collection.com\/en\/legal-notice\/\" \/>\n<meta property=\"og:site_name\" content=\"Pieve Aldina | H\u00f4tel, Restaurant, Spa &amp; Jardins en Toscane\" \/>\n<meta property=\"article:modified_time\" content=\"2025-10-07T18:11:56+00:00\" \/>\n<meta name=\"twitter:card\" content=\"summary_large_image\" \/>\n<meta name=\"twitter:label1\" content=\"Est. reading time\" \/>\n\t<meta name=\"twitter:data1\" content=\"2 minutes\" \/>\n<script type=\"application\/ld+json\" class=\"yoast-schema-graph\">{\"@context\":\"https:\\\/\\\/schema.org\",\"@graph\":[{\"@type\":\"WebPage\",\"@id\":\"https:\\\/\\\/www.pieve-aldina.fontenille-collection.com\\\/mentions-legales\\\/\",\"url\":\"https:\\\/\\\/www.pieve-aldina.fontenille-collection.com\\\/mentions-legales\\\/\",\"name\":\"Mentions L\u00e9gales - Pieve Aldina | H\u00f4tel, Restaurant, Spa &amp; Jardins en Toscane\",\"isPartOf\":{\"@id\":\"https:\\\/\\\/www.pieve-aldina.fontenille-collection.com\\\/#website\"},\"datePublished\":\"2025-10-07T08:44:08+00:00\",\"dateModified\":\"2025-10-07T18:11:56+00:00\",\"breadcrumb\":{\"@id\":\"https:\\\/\\\/www.pieve-aldina.fontenille-collection.com\\\/mentions-legales\\\/#breadcrumb\"},\"inLanguage\":\"en-US\",\"potentialAction\":[{\"@type\":\"ReadAction\",\"target\":[\"https:\\\/\\\/www.pieve-aldina.fontenille-collection.com\\\/mentions-legales\\\/\"]}]},{\"@type\":\"BreadcrumbList\",\"@id\":\"https:\\\/\\\/www.pieve-aldina.fontenille-collection.com\\\/mentions-legales\\\/#breadcrumb\",\"itemListElement\":[{\"@type\":\"ListItem\",\"position\":1,\"name\":\"Accueil\",\"item\":\"https:\\\/\\\/www.pieve-aldina.fontenille-collection.com\\\/\"},{\"@type\":\"ListItem\",\"position\":2,\"name\":\"Mentions L\u00e9gales\"}]},{\"@type\":\"WebSite\",\"@id\":\"https:\\\/\\\/www.pieve-aldina.fontenille-collection.com\\\/#website\",\"url\":\"https:\\\/\\\/www.pieve-aldina.fontenille-collection.com\\\/\",\"name\":\"Pieve Aldina\",\"description\":\"Pieve Aldina, ancienne r\u00e9sidence des \u00e9v\u00eaques de Sienne : h\u00f4tel de charme en Toscane avec restaurant, spa et jardins au c\u0153ur du Chianti.\",\"publisher\":{\"@id\":\"https:\\\/\\\/www.pieve-aldina.fontenille-collection.com\\\/#organization\"},\"potentialAction\":[{\"@type\":\"SearchAction\",\"target\":{\"@type\":\"EntryPoint\",\"urlTemplate\":\"https:\\\/\\\/www.pieve-aldina.fontenille-collection.com\\\/?s={search_term_string}\"},\"query-input\":{\"@type\":\"PropertyValueSpecification\",\"valueRequired\":true,\"valueName\":\"search_term_string\"}}],\"inLanguage\":\"en-US\"},{\"@type\":\"Organization\",\"@id\":\"https:\\\/\\\/www.pieve-aldina.fontenille-collection.com\\\/#organization\",\"name\":\"Pieve Aldina\",\"url\":\"https:\\\/\\\/www.pieve-aldina.fontenille-collection.com\\\/\",\"logo\":{\"@type\":\"ImageObject\",\"inLanguage\":\"en-US\",\"@id\":\"https:\\\/\\\/www.pieve-aldina.fontenille-collection.com\\\/#\\\/schema\\\/logo\\\/image\\\/\",\"url\":\"https:\\\/\\\/www.pieve-aldina.fontenille-collection.com\\\/wp-content\\\/uploads\\\/2024\\\/11\\\/Pieve-Aldina-Noir.png\",\"contentUrl\":\"https:\\\/\\\/www.pieve-aldina.fontenille-collection.com\\\/wp-content\\\/uploads\\\/2024\\\/11\\\/Pieve-Aldina-Noir.png\",\"width\":641,\"height\":72,\"caption\":\"Pieve Aldina\"},\"image\":{\"@id\":\"https:\\\/\\\/www.pieve-aldina.fontenille-collection.com\\\/#\\\/schema\\\/logo\\\/image\\\/\"}}]}<\/script>\n<!-- \/ Yoast SEO plugin. -->","yoast_head_json":{"title":"Legal Notice - Pieve Aldina | Hotel, Restaurant, Spa &amp; Gardens in Tuscany","robots":{"index":"index","follow":"follow","max-snippet":"max-snippet:-1","max-image-preview":"max-image-preview:large","max-video-preview":"max-video-preview:-1"},"canonical":"https:\/\/www.pieve-aldina.fontenille-collection.com\/en\/legal-notice\/","og_locale":"en_US","og_type":"article","og_title":"Mentions L\u00e9gales - Pieve Aldina | H\u00f4tel, Restaurant, Spa &amp; Jardins en Toscane","og_description":"Mentions L\u00e9gales Notre site web : https:pieve-aldina.com Soci\u00e9t\u00e9 : Les Domaines de Fontenille SAS Si\u00e8ge social : Domaine de Fontenille 84360 Lauris Adresse de contact et \u00e9tablissement secondaire : 9 avenue de l\u2019Op\u00e9ra 75001 Paris contact@fontenillecollection.com SIREN : 798 361 184 TVA : FR13 798361184 Capital social : 94 626 400 EUR Objet du site [&hellip;]","og_url":"https:\/\/www.pieve-aldina.fontenille-collection.com\/en\/legal-notice\/","og_site_name":"Pieve Aldina | H\u00f4tel, Restaurant, Spa &amp; Jardins en Toscane","article_modified_time":"2025-10-07T18:11:56+00:00","twitter_card":"summary_large_image","twitter_misc":{"Est. reading time":"2 minutes"},"schema":{"@context":"https:\/\/schema.org","@graph":[{"@type":"WebPage","@id":"https:\/\/www.pieve-aldina.fontenille-collection.com\/mentions-legales\/","url":"https:\/\/www.pieve-aldina.fontenille-collection.com\/mentions-legales\/","name":"Legal Notice - Pieve Aldina | Hotel, Restaurant, Spa &amp; Gardens in Tuscany","isPartOf":{"@id":"https:\/\/www.pieve-aldina.fontenille-collection.com\/#website"},"datePublished":"2025-10-07T08:44:08+00:00","dateModified":"2025-10-07T18:11:56+00:00","breadcrumb":{"@id":"https:\/\/www.pieve-aldina.fontenille-collection.com\/mentions-legales\/#breadcrumb"},"inLanguage":"en-US","potentialAction":[{"@type":"ReadAction","target":["https:\/\/www.pieve-aldina.fontenille-collection.com\/mentions-legales\/"]}]},{"@type":"BreadcrumbList","@id":"https:\/\/www.pieve-aldina.fontenille-collection.com\/mentions-legales\/#breadcrumb","itemListElement":[{"@type":"ListItem","position":1,"name":"Accueil","item":"https:\/\/www.pieve-aldina.fontenille-collection.com\/"},{"@type":"ListItem","position":2,"name":"Mentions L\u00e9gales"}]},{"@type":"WebSite","@id":"https:\/\/www.pieve-aldina.fontenille-collection.com\/#website","url":"https:\/\/www.pieve-aldina.fontenille-collection.com\/","name":"Pieve Aldina","description":"Pieve Aldina, former residence of the bishops of Siena: charming Tuscan hotel with restaurant, spa and gardens in the heart of Chianti.","publisher":{"@id":"https:\/\/www.pieve-aldina.fontenille-collection.com\/#organization"},"potentialAction":[{"@type":"SearchAction","target":{"@type":"EntryPoint","urlTemplate":"https:\/\/www.pieve-aldina.fontenille-collection.com\/?s={search_term_string}"},"query-input":{"@type":"PropertyValueSpecification","valueRequired":true,"valueName":"search_term_string"}}],"inLanguage":"en-US"},{"@type":"Organization","@id":"https:\/\/www.pieve-aldina.fontenille-collection.com\/#organization","name":"Pieve Aldina","url":"https:\/\/www.pieve-aldina.fontenille-collection.com\/","logo":{"@type":"ImageObject","inLanguage":"en-US","@id":"https:\/\/www.pieve-aldina.fontenille-collection.com\/#\/schema\/logo\/image\/","url":"https:\/\/www.pieve-aldina.fontenille-collection.com\/wp-content\/uploads\/2024\/11\/Pieve-Aldina-Noir.png","contentUrl":"https:\/\/www.pieve-aldina.fontenille-collection.com\/wp-content\/uploads\/2024\/11\/Pieve-Aldina-Noir.png","width":641,"height":72,"caption":"Pieve Aldina"},"image":{"@id":"https:\/\/www.pieve-aldina.fontenille-collection.com\/#\/schema\/logo\/image\/"}}]}},"_links":{"self":[{"href":"https:\/\/www.pieve-aldina.fontenille-collection.com\/en\/wp-json\/wp\/v2\/pages\/29084","targetHints":{"allow":["GET"]}}],"collection":[{"href":"https:\/\/www.pieve-aldina.fontenille-collection.com\/en\/wp-json\/wp\/v2\/pages"}],"about":[{"href":"https:\/\/www.pieve-aldina.fontenille-collection.com\/en\/wp-json\/wp\/v2\/types\/page"}],"author":[{"embeddable":true,"href":"https:\/\/www.pieve-aldina.fontenille-collection.com\/en\/wp-json\/wp\/v2\/users\/6"}],"replies":[{"embeddable":true,"href":"https:\/\/www.pieve-aldina.fontenille-collection.com\/en\/wp-json\/wp\/v2\/comments?post=29084"}],"version-history":[{"count":9,"href":"https:\/\/www.pieve-aldina.fontenille-collection.com\/en\/wp-json\/wp\/v2\/pages\/29084\/revisions"}],"predecessor-version":[{"id":29123,"href":"https:\/\/www.pieve-aldina.fontenille-collection.com\/en\/wp-json\/wp\/v2\/pages\/29084\/revisions\/29123"}],"wp:attachment":[{"href":"https:\/\/www.pieve-aldina.fontenille-collection.com\/en\/wp-json\/wp\/v2\/media?parent=29084"}],"curies":[{"name":"wp","href":"https:\/\/api.w.org\/{rel}","templated":true}]}}